{"id":58459,"date":"2023-06-27T11:12:28","date_gmt":"2023-06-27T09:12:28","guid":{"rendered":"https:\/\/mestraold.lleset.com\/?post_type=product&#038;p=58459"},"modified":"2023-10-19T16:53:58","modified_gmt":"2023-10-19T14:53:58","slug":"aspiracion-sirocco-s","status":"publish","type":"product","link":"https:\/\/mestraold.lleset.com\/en\/producto\/aspiracion-sirocco-s\/","title":{"rendered":"Aspiraci\u00f3n Sirocco S"},"content":{"rendered":"<p>Aspiraci\u00f3n especialmente indicada para entornos de cl\u00ednica y v\u00e1lida tambi\u00e9n para laboratorio, que cuenta con el tama\u00f1o perfecto para un uso de sobremesa y una est\u00e9tica estilizada.<br \/>\nEl modelo Sirocco S incorpora dos etapas de filtrado: un primer filtro HEPA (recogedor de part\u00edculas de alta eficiencia) circular y un segundo filtro HEPA interior. Gracias a su eficiente dise\u00f1o, la operaci\u00f3n de cambio de filtros es extremadamente sencilla.<br \/>\nLa unidad cuenta adem\u00e1s con un sistema de detecci\u00f3n de micromotor externo y con ajuste de potencia en siete niveles diferentes.<br \/>\nConfiguraci\u00f3n b\u00e1sica del modelo S, con tubo flexible y extensible hasta 70 cm que dirige la aspiraci\u00f3n al \u00e1rea de trabajo. Gracias a su luz LED permite peque\u00f1as y delicadas operaciones de pulido y repaso.<br \/>\n&#8211; Facilidad de orientar la boca de aspiraci\u00f3n.<br \/>\n&#8211; Iluminaci\u00f3n LED incorporada.<\/p>\n","protected":false},"excerpt":{"rendered":"<p>Unidad de aspiraci\u00f3n compacta de sobremesa con motor de inducci\u00f3n.<\/p>\n","protected":false},"featured_media":58460,"template":"","meta":[],"product_cat":[118,902,97,173,170],"product_tag":[],"class_list":["post-58459","product","type-product","status-publish","has-post-thumbnail","hentry","product_cat-aspiracion","product_cat-aspiradores","product_cat-laboratorio","product_cat-novedades","product_cat-ofertas"],"acf":[],"df_price":680,"df_sale_price":"","df_regular_price":680,"df_image_link":"https:\/\/mestraold.lleset.com\/wp-content\/uploads\/2023\/06\/080534AT-300x293.jpg","_links":{"self":[{"href":"https:\/\/mestraold.lleset.com\/en\/wp-json\/wp\/v2\/product\/58459","targetHints":{"allow":["GET"]}}],"collection":[{"href":"https:\/\/mestraold.lleset.com\/en\/wp-json\/wp\/v2\/product"}],"about":[{"href":"https:\/\/mestraold.lleset.com\/en\/wp-json\/wp\/v2\/types\/product"}],"wp:featuredmedia":[{"embeddable":true,"href":"https:\/\/mestraold.lleset.com\/en\/wp-json\/wp\/v2\/media\/58460"}],"wp:attachment":[{"href":"https:\/\/mestraold.lleset.com\/en\/wp-json\/wp\/v2\/media?parent=58459"}],"wp:term":[{"taxonomy":"product_cat","embeddable":true,"href":"https:\/\/mestraold.lleset.com\/en\/wp-json\/wp\/v2\/product_cat?post=58459"},{"taxonomy":"product_tag","embeddable":true,"href":"https:\/\/mestraold.lleset.com\/en\/wp-json\/wp\/v2\/product_tag?post=58459"}],"curies":[{"name":"wp","href":"https:\/\/api.w.org\/{rel}","templated":true}]}}