{"id":53556,"date":"2023-03-05T18:15:07","date_gmt":"2023-03-05T18:48:46","guid":{"rendered":"https:\/\/mestra.migracionesbgweb.com\/producto\/espatula-electronica-para-paralelometro-o-3-mm-estandar\/"},"modified":"2023-07-03T04:13:10","modified_gmt":"2023-07-03T02:13:10","slug":"espatula-electronica-para-paralelometro-o-3-mm-estandar","status":"publish","type":"product","link":"https:\/\/mestraold.lleset.com\/en\/product\/espatula-electronica-para-paralelometro-o-3-mm-estandar\/","title":{"rendered":"Esp\u00e1tula electr\u00f3nica para paralel\u00f3metro \u00d8 3 mm (est\u00e1ndar)"},"content":{"rendered":"<p>\u00d8 3mm fixing shaft<\/p>\n<p>Ideal to be fitted in a parallelometer, micro-drilling support or similar device for modelling wax pieces.<\/p>\n","protected":false},"excerpt":{"rendered":"<p>\u00d8 3mm fixing shaft Ideal to be fitted in a parallelometer, micro-drilling support or similar device for modelling wax pieces.<\/p>\n","protected":false},"featured_media":20443,"template":"","meta":[],"product_cat":[203,222],"product_tag":[],"class_list":["post-53556","product","type-product","status-publish","has-post-thumbnail","hentry","product_cat-laboratory","product_cat-wax"],"acf":[],"df_price":450.16,"df_sale_price":"","df_regular_price":450.16,"df_image_link":"https:\/\/mestraold.lleset.com\/wp-content\/uploads\/2021\/12\/315-ESPATULA-ELECTRONICA-PARA-PARALELOMETRO-300x300.jpg","_links":{"self":[{"href":"https:\/\/mestraold.lleset.com\/en\/wp-json\/wp\/v2\/product\/53556","targetHints":{"allow":["GET"]}}],"collection":[{"href":"https:\/\/mestraold.lleset.com\/en\/wp-json\/wp\/v2\/product"}],"about":[{"href":"https:\/\/mestraold.lleset.com\/en\/wp-json\/wp\/v2\/types\/product"}],"wp:featuredmedia":[{"embeddable":true,"href":"https:\/\/mestraold.lleset.com\/en\/wp-json\/wp\/v2\/media\/20443"}],"wp:attachment":[{"href":"https:\/\/mestraold.lleset.com\/en\/wp-json\/wp\/v2\/media?parent=53556"}],"wp:term":[{"taxonomy":"product_cat","embeddable":true,"href":"https:\/\/mestraold.lleset.com\/en\/wp-json\/wp\/v2\/product_cat?post=53556"},{"taxonomy":"product_tag","embeddable":true,"href":"https:\/\/mestraold.lleset.com\/en\/wp-json\/wp\/v2\/product_tag?post=53556"}],"curies":[{"name":"wp","href":"https:\/\/api.w.org\/{rel}","templated":true}]}}