{"id":53544,"date":"2023-03-05T18:13:27","date_gmt":"2023-03-05T18:48:15","guid":{"rendered":"https:\/\/mestra.migracionesbgweb.com\/producto\/butane-gas-burner-for-threaded-hose\/"},"modified":"2023-07-17T12:09:09","modified_gmt":"2023-07-17T10:09:09","slug":"butane-gas-burner-for-threaded-hose","status":"publish","type":"product","link":"https:\/\/mestraold.lleset.com\/en\/product\/butane-gas-burner-for-threaded-hose\/","title":{"rendered":"Butane gas burner for threaded hose"},"content":{"rendered":"<p>Nuevos Mecheros de Gas MESTRA con certificado de examen de tipo<\/p>\n<p>Cumplen con los requisitos del\u00a0<a href=\"https:\/\/www.boe.es\/boe\/dias\/2006\/09\/04\/pdfs\/A31576-31632.pdf\">RD 919\/2006<\/a>\u00a0sobre distribuci\u00f3n y utilizaci\u00f3n de combustibles gaseosos y su ITC-ICG 08.<\/p>\n<p>Para gas natural, butano y propano.<\/p>\n<p>Con esta nueva familia de mecheros, MESTRA da respuesta a las exigencias normativas que ya se est\u00e1n aplicando en algunas comunits aut\u00f3nomas. Su conexi\u00f3n est\u00e1 estandarizada para adaptarse directamente a las nuevas mangueras roscadas que sustituyen a los tradicionales tubos de goma sujetos con abrazadera. El nuevo sistema es m\u00e1s c\u00f3modo y m\u00e1s seguro.<\/p>\n<p>La configuraci\u00f3n del mechero se mantiene: Su posici\u00f3n horizontal se adapta especialmente al Laboratory dental, evitando que la wax obture la salida de la llama. Tambi\u00e9n sigue disponible la cazoleta para recoger y recuperar la wax vertida.<\/p>\n<p>Con un peque\u00f1o adaptador, los nuevos mecheros tambi\u00e9n pueden seguir utiliz\u00e1ndose en instalaciones que ya est\u00e9n en funcionamiento.<\/p>\n","protected":false},"excerpt":{"rendered":"<p>Manguera no incluida.<\/p>\n","protected":false},"featured_media":20576,"template":"","meta":[],"product_cat":[203,222],"product_tag":[],"class_list":["post-53544","product","type-product","status-publish","has-post-thumbnail","hentry","product_cat-laboratory","product_cat-wax"],"acf":[],"df_price":102.89,"df_sale_price":"","df_regular_price":102.89,"df_image_link":"https:\/\/mestraold.lleset.com\/wp-content\/uploads\/2021\/12\/Mecheros-de-gas-para-manguera-roscada-300x300.jpg","_links":{"self":[{"href":"https:\/\/mestraold.lleset.com\/en\/wp-json\/wp\/v2\/product\/53544","targetHints":{"allow":["GET"]}}],"collection":[{"href":"https:\/\/mestraold.lleset.com\/en\/wp-json\/wp\/v2\/product"}],"about":[{"href":"https:\/\/mestraold.lleset.com\/en\/wp-json\/wp\/v2\/types\/product"}],"wp:featuredmedia":[{"embeddable":true,"href":"https:\/\/mestraold.lleset.com\/en\/wp-json\/wp\/v2\/media\/20576"}],"wp:attachment":[{"href":"https:\/\/mestraold.lleset.com\/en\/wp-json\/wp\/v2\/media?parent=53544"}],"wp:term":[{"taxonomy":"product_cat","embeddable":true,"href":"https:\/\/mestraold.lleset.com\/en\/wp-json\/wp\/v2\/product_cat?post=53544"},{"taxonomy":"product_tag","embeddable":true,"href":"https:\/\/mestraold.lleset.com\/en\/wp-json\/wp\/v2\/product_tag?post=53544"}],"curies":[{"name":"wp","href":"https:\/\/api.w.org\/{rel}","templated":true}]}}