{"id":49975,"date":"2023-03-05T13:55:51","date_gmt":"2023-03-05T12:55:51","guid":{"rendered":"https:\/\/mestra.migracionesbgweb.com\/producto\/arcon-articulator-mounting-plate-track-2-u\/"},"modified":"2023-07-03T01:56:01","modified_gmt":"2023-07-02T23:56:01","slug":"arcon-articulator-mounting-plate-track-2-u","status":"publish","type":"product","link":"https:\/\/mestraold.lleset.com\/en\/product\/arcon-articulator-mounting-plate-track-2-u\/","title":{"rendered":"&#8220;Arcon&#8221; articulator mounting plate track (2 u.)"},"content":{"rendered":"<p>La placa de montaje riel fue desarrollada con un dise\u00f1o que permite la remoci\u00f3n del modelo de yeso de la placa a trav\u00e9s del deslizamiento de la misma, sin el inconveniente de la necesidad de fracturar el yeso. <\/p>\n<p>Su sistema de retensi\u00f3n consiste en la fijaci\u00f3n del yeso en las paredes internas inclinadas del dise\u00f1o riel. <\/p>\n<p><img loading=\"lazy\" decoding=\"async\" class=\"alignnone wp-image-24998 size-full\" src=\"http:\/\/MESTRA.migracionesbgweb.com\/wp-content\/uploads\/2022\/02\/Placa-de-montaje-riel.jpg\" alt=\"\"Arcon\" articulator mounting plate track (2 u.)\" width=\"670\" height=\"180\" srcset=\"https:\/\/mestraold.lleset.com\/wp-content\/uploads\/2022\/02\/Placa-de-montaje-riel.jpg 670w, https:\/\/mestraold.lleset.com\/wp-content\/uploads\/2022\/02\/Placa-de-montaje-riel-600x161.jpg 600w, https:\/\/mestraold.lleset.com\/wp-content\/uploads\/2022\/02\/Placa-de-montaje-riel-640x172.jpg 640w, https:\/\/mestraold.lleset.com\/wp-content\/uploads\/2022\/02\/Placa-de-montaje-riel-400x107.jpg 400w, https:\/\/mestraold.lleset.com\/wp-content\/uploads\/2022\/02\/Placa-de-montaje-riel-367x99.jpg 367w\" sizes=\"auto, (max-width: 670px) 100vw, 670px\" \/><\/p>\n","protected":false},"excerpt":{"rendered":"<p>La placa de montaje riel fue desarrollada con un dise\u00f1o que permite la remoci\u00f3n del modelo de yeso de la placa a trav\u00e9s del deslizamiento de la misma, sin el inconveniente de la necesidad de fracturar el yeso. Su sistema de retensi\u00f3n consiste en la fijaci\u00f3n del yeso en las paredes internas inclinadas del dise\u00f1o [&hellip;]<\/p>\n","protected":false},"featured_media":23075,"template":"","meta":[],"product_cat":[259],"product_tag":[],"class_list":["post-49975","product","type-product","status-publish","has-post-thumbnail","hentry","product_cat-spare-parts"],"acf":[],"df_price":9.79,"df_sale_price":"","df_regular_price":9.79,"df_image_link":"https:\/\/mestraold.lleset.com\/wp-content\/uploads\/2022\/01\/Despieces-MESTRA-300x300.jpg","_links":{"self":[{"href":"https:\/\/mestraold.lleset.com\/en\/wp-json\/wp\/v2\/product\/49975","targetHints":{"allow":["GET"]}}],"collection":[{"href":"https:\/\/mestraold.lleset.com\/en\/wp-json\/wp\/v2\/product"}],"about":[{"href":"https:\/\/mestraold.lleset.com\/en\/wp-json\/wp\/v2\/types\/product"}],"wp:featuredmedia":[{"embeddable":true,"href":"https:\/\/mestraold.lleset.com\/en\/wp-json\/wp\/v2\/media\/23075"}],"wp:attachment":[{"href":"https:\/\/mestraold.lleset.com\/en\/wp-json\/wp\/v2\/media?parent=49975"}],"wp:term":[{"taxonomy":"product_cat","embeddable":true,"href":"https:\/\/mestraold.lleset.com\/en\/wp-json\/wp\/v2\/product_cat?post=49975"},{"taxonomy":"product_tag","embeddable":true,"href":"https:\/\/mestraold.lleset.com\/en\/wp-json\/wp\/v2\/product_tag?post=49975"}],"curies":[{"name":"wp","href":"https:\/\/api.w.org\/{rel}","templated":true}]}}