{"id":49963,"date":"2023-03-05T13:55:32","date_gmt":"2023-03-05T12:55:32","guid":{"rendered":"https:\/\/mestra.migracionesbgweb.com\/producto\/mesa-incisal-acrilica\/"},"modified":"2023-06-11T19:15:30","modified_gmt":"2023-06-11T17:15:30","slug":"mesa-incisal-acrilica","status":"publish","type":"product","link":"https:\/\/mestraold.lleset.com\/en\/product\/mesa-incisal-acrilica\/","title":{"rendered":"Mesa incisal acr\u00edlica"},"content":{"rendered":"<p>La mesa incisal ajustable es utilizada en el proceso de balanceamiento de los dientes, permitiendo la personalizaci\u00f3n de la gu\u00eda anterior a trav\u00e9s de sus paredes laterales e plano antero-posterior ajustables.<\/p>\n<p><a href=\"http:\/\/MESTRA.migracionesbgweb.com\/wp-content\/uploads\/2022\/02\/Mesa-incisal-ajustable.jpg\"><img loading=\"lazy\" decoding=\"async\" class=\"alignnone wp-image-24993 size-full\" src=\"http:\/\/MESTRA.migracionesbgweb.com\/wp-content\/uploads\/2022\/02\/Mesa-incisal-ajustable.jpg\" alt=\"Mesa incisal ajustable\" width=\"670\" height=\"180\" srcset=\"https:\/\/mestraold.lleset.com\/wp-content\/uploads\/2022\/02\/Mesa-incisal-ajustable.jpg 670w, https:\/\/mestraold.lleset.com\/wp-content\/uploads\/2022\/02\/Mesa-incisal-ajustable-600x161.jpg 600w, https:\/\/mestraold.lleset.com\/wp-content\/uploads\/2022\/02\/Mesa-incisal-ajustable-640x172.jpg 640w, https:\/\/mestraold.lleset.com\/wp-content\/uploads\/2022\/02\/Mesa-incisal-ajustable-400x107.jpg 400w, https:\/\/mestraold.lleset.com\/wp-content\/uploads\/2022\/02\/Mesa-incisal-ajustable-367x99.jpg 367w\" sizes=\"auto, (max-width: 670px) 100vw, 670px\" \/><\/a><\/p>\n","protected":false},"excerpt":{"rendered":"<p>La mesa incisal ajustable es utilizada en el proceso de balanceamiento de los dientes, permitiendo la personalizaci\u00f3n de la gu\u00eda anterior a trav\u00e9s de sus paredes laterales e plano antero-posterior ajustables.<\/p>\n","protected":false},"featured_media":23075,"template":"","meta":[],"product_cat":[259],"product_tag":[],"class_list":["post-49963","product","type-product","status-publish","has-post-thumbnail","hentry","product_cat-spare-parts"],"acf":[],"df_price":11.87,"df_sale_price":"","df_regular_price":11.87,"df_image_link":"https:\/\/mestraold.lleset.com\/wp-content\/uploads\/2022\/01\/Despieces-MESTRA-300x300.jpg","_links":{"self":[{"href":"https:\/\/mestraold.lleset.com\/en\/wp-json\/wp\/v2\/product\/49963","targetHints":{"allow":["GET"]}}],"collection":[{"href":"https:\/\/mestraold.lleset.com\/en\/wp-json\/wp\/v2\/product"}],"about":[{"href":"https:\/\/mestraold.lleset.com\/en\/wp-json\/wp\/v2\/types\/product"}],"wp:featuredmedia":[{"embeddable":true,"href":"https:\/\/mestraold.lleset.com\/en\/wp-json\/wp\/v2\/media\/23075"}],"wp:attachment":[{"href":"https:\/\/mestraold.lleset.com\/en\/wp-json\/wp\/v2\/media?parent=49963"}],"wp:term":[{"taxonomy":"product_cat","embeddable":true,"href":"https:\/\/mestraold.lleset.com\/en\/wp-json\/wp\/v2\/product_cat?post=49963"},{"taxonomy":"product_tag","embeddable":true,"href":"https:\/\/mestraold.lleset.com\/en\/wp-json\/wp\/v2\/product_tag?post=49963"}],"curies":[{"name":"wp","href":"https:\/\/api.w.org\/{rel}","templated":true}]}}