{"id":49845,"date":"2023-03-05T11:30:58","date_gmt":"2023-03-05T12:50:59","guid":{"rendered":"https:\/\/mestra.migracionesbgweb.com\/producto\/arm-for-koala-vacuum-mixer\/"},"modified":"2023-07-03T04:05:39","modified_gmt":"2023-07-03T02:05:39","slug":"arm-for-koala-vacuum-mixer","status":"publish","type":"product","link":"https:\/\/mestraold.lleset.com\/en\/product\/arm-for-koala-vacuum-mixer\/","title":{"rendered":"Arm for koala vacuum mixer"},"content":{"rendered":"<p>Brazo de sujeci\u00f3n de las tazas para la t\u00e9cnica de batido sin vac\u00edo<\/p>\n","protected":false},"excerpt":{"rendered":"<p>Brazo de sujeci\u00f3n de las tazas para la t\u00e9cnica de batido sin vac\u00edo<\/p>\n","protected":false},"featured_media":21902,"template":"","meta":[],"product_cat":[203,219],"product_tag":[],"class_list":["post-49845","product","type-product","status-publish","has-post-thumbnail","hentry","product_cat-laboratory","product_cat-modeling"],"acf":[],"df_price":181.21,"df_sale_price":"","df_regular_price":181.21,"df_image_link":"https:\/\/mestraold.lleset.com\/wp-content\/uploads\/2021\/12\/Brazo-de-sujecion-mezcladora-Koala-300x215.jpg","_links":{"self":[{"href":"https:\/\/mestraold.lleset.com\/en\/wp-json\/wp\/v2\/product\/49845","targetHints":{"allow":["GET"]}}],"collection":[{"href":"https:\/\/mestraold.lleset.com\/en\/wp-json\/wp\/v2\/product"}],"about":[{"href":"https:\/\/mestraold.lleset.com\/en\/wp-json\/wp\/v2\/types\/product"}],"wp:featuredmedia":[{"embeddable":true,"href":"https:\/\/mestraold.lleset.com\/en\/wp-json\/wp\/v2\/media\/21902"}],"wp:attachment":[{"href":"https:\/\/mestraold.lleset.com\/en\/wp-json\/wp\/v2\/media?parent=49845"}],"wp:term":[{"taxonomy":"product_cat","embeddable":true,"href":"https:\/\/mestraold.lleset.com\/en\/wp-json\/wp\/v2\/product_cat?post=49845"},{"taxonomy":"product_tag","embeddable":true,"href":"https:\/\/mestraold.lleset.com\/en\/wp-json\/wp\/v2\/product_tag?post=49845"}],"curies":[{"name":"wp","href":"https:\/\/api.w.org\/{rel}","templated":true}]}}