{"id":49806,"date":"2023-03-05T11:24:00","date_gmt":"2023-03-05T12:49:24","guid":{"rendered":"https:\/\/mestra.migracionesbgweb.com\/producto\/direct-preheating-furnace-50-d\/"},"modified":"2023-07-03T19:39:20","modified_gmt":"2023-07-03T17:39:20","slug":"direct-preheating-furnace-50-d","status":"publish","type":"product","link":"https:\/\/mestraold.lleset.com\/en\/product\/direct-preheating-furnace-50-d\/","title":{"rendered":"Direct preheating furnace 50-d"},"content":{"rendered":"<p>Perfecto para los trabajos que no requieran un ciclo de programaci\u00f3n cl\u00e1sico por rampas y mesetas. Basta con indicar la temperatura de consigna, y el horno iniciar\u00e1 el calentamiento de manera directa hasta la temperatura final. Al alcanzarla, la temperatura se mantiene de manera indefinida.<\/p>\n<p>It is perfect for those works that do not require a classical programming cycle of ramps and plateaus.<\/p>\n<p>Just select the set point temperature, and the fumace will start heating directly until this temperature is reached. Then, this temperature will be kept for a time programmed by the user.<\/p>\n<p>Its digital controls ensure an amazing temperature accuracy and prevent the effects of the thermal inertia. Besides, it features a connection for an external catalytic converter, and this element will operate from the beggining of the cycle up to the stoppong temperature programmed by the user. <\/p>\n<p>The size operation and other featurs of this fumance are similar to those of the HP-50 model. The only different features is its controls. <\/p>\n<p>Tank capacity: 4,8 litres (4 to 6 casting rings 80 \u00d8):<\/p>\n","protected":false},"excerpt":{"rendered":"<p>Perfecto para los trabajos que no requieran un ciclo de programaci\u00f3n cl\u00e1sico por rampas y mesetas. Basta con indicar la temperatura de consigna, y el horno iniciar\u00e1 el calentamiento de manera directa hasta la temperatura final. Al alcanzarla, la temperatura se mantiene de manera indefinida. It is perfect for those works that do not require [&hellip;]<\/p>\n","protected":false},"featured_media":21157,"template":"","meta":[],"product_cat":[203],"product_tag":[],"class_list":["post-49806","product","type-product","status-publish","has-post-thumbnail","hentry","product_cat-laboratory"],"acf":[],"df_price":1397.68,"df_sale_price":1397.68,"df_regular_price":2541.24,"df_image_link":"https:\/\/mestraold.lleset.com\/wp-content\/uploads\/2021\/12\/Horno-de-precalentamiento-directo-50D-300x248.jpg","_links":{"self":[{"href":"https:\/\/mestraold.lleset.com\/en\/wp-json\/wp\/v2\/product\/49806","targetHints":{"allow":["GET"]}}],"collection":[{"href":"https:\/\/mestraold.lleset.com\/en\/wp-json\/wp\/v2\/product"}],"about":[{"href":"https:\/\/mestraold.lleset.com\/en\/wp-json\/wp\/v2\/types\/product"}],"wp:featuredmedia":[{"embeddable":true,"href":"https:\/\/mestraold.lleset.com\/en\/wp-json\/wp\/v2\/media\/21157"}],"wp:attachment":[{"href":"https:\/\/mestraold.lleset.com\/en\/wp-json\/wp\/v2\/media?parent=49806"}],"wp:term":[{"taxonomy":"product_cat","embeddable":true,"href":"https:\/\/mestraold.lleset.com\/en\/wp-json\/wp\/v2\/product_cat?post=49806"},{"taxonomy":"product_tag","embeddable":true,"href":"https:\/\/mestraold.lleset.com\/en\/wp-json\/wp\/v2\/product_tag?post=49806"}],"curies":[{"name":"wp","href":"https:\/\/api.w.org\/{rel}","templated":true}]}}