{"id":49645,"date":"2023-03-05T10:56:27","date_gmt":"2023-03-05T12:42:35","guid":{"rendered":"https:\/\/mestra.migracionesbgweb.com\/producto\/air-purifier-small\/"},"modified":"2023-07-03T20:03:52","modified_gmt":"2023-07-03T18:03:52","slug":"air-purifier-small","status":"publish","type":"product","link":"https:\/\/mestraold.lleset.com\/en\/product\/air-purifier-small\/","title":{"rendered":"Air purifier &#8211; small"},"content":{"rendered":"<p>Air purifier &#8211; que act\u00faa sobre el aire viciado de cualquier recinto eliminando polvo, suciedad y g\u00e9rmenes. Despu\u00e9s del tratamiento, el aire queda mucho m\u00e1s limpio y respirable. Debe subrayarse que una mala calidad del aire favorece la aparici\u00f3n de enfermedades, especialmente de tipo respiratorio.<\/p>\n<p>El proceso de purificaci\u00f3n se inicia con una bater\u00eda de filtros de tres niveles diferentes:\u00a0<a href=\"https:\/\/es.wikipedia.org\/wiki\/HEPA\">HEPA bacteriano<\/a>,\u00a0<a href=\"https:\/\/es.wikipedia.org\/wiki\/Carb%C3%B3n_activado\">carb\u00f3n activo<\/a>\u00a0y fotocatal\u00edtico.<\/p>\n<p>Posteriormente, una l\u00e1mpara UV de Height rendimiento prosigue con la labor de clean up.<\/p>\n<p>La purificaci\u00f3n se completa con una ionizaci\u00f3n y la posibilidad de activaci\u00f3n de un generador de ozono.<\/p>\n<p>Finalizado el tratamiento, podemos hablar de un aire altamente purificado y de calidad.<\/p>\n","protected":false},"excerpt":{"rendered":"<p>Air purifier &#8211; que act\u00faa sobre el aire viciado de cualquier recinto eliminando polvo, suciedad y g\u00e9rmenes. Despu\u00e9s del tratamiento, el aire queda mucho m\u00e1s limpio y respirable. Debe subrayarse que una mala calidad del aire favorece la aparici\u00f3n de enfermedades, especialmente de tipo respiratorio. El proceso de purificaci\u00f3n se inicia con una bater\u00eda de [&hellip;]<\/p>\n","protected":false},"featured_media":18923,"template":"","meta":[],"product_cat":[203],"product_tag":[],"class_list":["post-49645","product","type-product","status-publish","has-post-thumbnail","hentry","product_cat-laboratory"],"acf":[],"df_price":125.92,"df_sale_price":125.92,"df_regular_price":228.94,"df_image_link":"https:\/\/mestraold.lleset.com\/wp-content\/uploads\/2021\/12\/Purificador-de-aire-pequeno-300x300.jpg","_links":{"self":[{"href":"https:\/\/mestraold.lleset.com\/en\/wp-json\/wp\/v2\/product\/49645","targetHints":{"allow":["GET"]}}],"collection":[{"href":"https:\/\/mestraold.lleset.com\/en\/wp-json\/wp\/v2\/product"}],"about":[{"href":"https:\/\/mestraold.lleset.com\/en\/wp-json\/wp\/v2\/types\/product"}],"wp:featuredmedia":[{"embeddable":true,"href":"https:\/\/mestraold.lleset.com\/en\/wp-json\/wp\/v2\/media\/18923"}],"wp:attachment":[{"href":"https:\/\/mestraold.lleset.com\/en\/wp-json\/wp\/v2\/media?parent=49645"}],"wp:term":[{"taxonomy":"product_cat","embeddable":true,"href":"https:\/\/mestraold.lleset.com\/en\/wp-json\/wp\/v2\/product_cat?post=49645"},{"taxonomy":"product_tag","embeddable":true,"href":"https:\/\/mestraold.lleset.com\/en\/wp-json\/wp\/v2\/product_tag?post=49645"}],"curies":[{"name":"wp","href":"https:\/\/api.w.org\/{rel}","templated":true}]}}