{"id":20070,"date":"2021-12-10T15:14:42","date_gmt":"2021-12-10T15:14:42","guid":{"rendered":"https:\/\/mestra.migracionesbgweb.com\/?post_type=product&#038;p=20070"},"modified":"2023-07-02T22:03:47","modified_gmt":"2023-07-02T20:03:47","slug":"lupa-de-aumento-iluminacion-lateral","status":"publish","type":"product","link":"https:\/\/mestraold.lleset.com\/en\/producto\/lupa-de-aumento-iluminacion-lateral\/","title":{"rendered":"Lupa de aumento &#8211; Iluminaci\u00f3n lateral"},"content":{"rendered":"<p>Lupa de aumento con sistema de fijaci\u00f3n ajustable a la cabeza que mantiene las manos libres para trabajar.<\/p>\n<p>Cuentan con cristales ultratransparentes de m\u00ednima\u00a0<a href=\"http:\/\/josepaxeco.blogspot.es\/categoria\/absorcion-de-la-luz\/\">absorci\u00f3n luminosa<\/a>.<\/p>\n<p>Su dise\u00f1o permite el uso simult\u00e1neo de gafas.<\/p>\n<p>Muy ligera y con \u00edndice de aumento de 1.8X y 2.3X. Mediante una lupa adicional escamoteable se consiguen \u00edndices de 3.7X y 4.8X. La iluminaci\u00f3n se refuerza mediante dos l\u00e1mparas laterales.<\/p>\n<p>&nbsp;<\/p>\n","protected":false},"excerpt":{"rendered":"<p>Lupa de aumento con sistema de fijaci\u00f3n ajustable a la cabeza que mantiene las manos libres para trabajar. Cuentan con cristales ultratransparentes de m\u00ednima\u00a0absorci\u00f3n luminosa. Su dise\u00f1o permite el uso simult\u00e1neo de gafas. Muy ligera y con \u00edndice de aumento de 1.8X y 2.3X. Mediante una lupa adicional escamoteable se consiguen \u00edndices de 3.7X y [&hellip;]<\/p>\n","protected":false},"featured_media":20071,"template":"","meta":[],"product_cat":[96,97],"product_tag":[],"class_list":["post-20070","product","type-product","status-publish","has-post-thumbnail","hentry","product_cat-clinica","product_cat-laboratorio"],"acf":[],"df_price":104.09,"df_sale_price":"","df_regular_price":104.09,"df_image_link":"https:\/\/mestraold.lleset.com\/wp-content\/uploads\/2021\/12\/Lupa-de-aumento-Iluminacion-lateral-300x300.jpg","_links":{"self":[{"href":"https:\/\/mestraold.lleset.com\/en\/wp-json\/wp\/v2\/product\/20070","targetHints":{"allow":["GET"]}}],"collection":[{"href":"https:\/\/mestraold.lleset.com\/en\/wp-json\/wp\/v2\/product"}],"about":[{"href":"https:\/\/mestraold.lleset.com\/en\/wp-json\/wp\/v2\/types\/product"}],"wp:featuredmedia":[{"embeddable":true,"href":"https:\/\/mestraold.lleset.com\/en\/wp-json\/wp\/v2\/media\/20071"}],"wp:attachment":[{"href":"https:\/\/mestraold.lleset.com\/en\/wp-json\/wp\/v2\/media?parent=20070"}],"wp:term":[{"taxonomy":"product_cat","embeddable":true,"href":"https:\/\/mestraold.lleset.com\/en\/wp-json\/wp\/v2\/product_cat?post=20070"},{"taxonomy":"product_tag","embeddable":true,"href":"https:\/\/mestraold.lleset.com\/en\/wp-json\/wp\/v2\/product_tag?post=20070"}],"curies":[{"name":"wp","href":"https:\/\/api.w.org\/{rel}","templated":true}]}}